{"id":12950,"date":"2023-05-24T14:36:47","date_gmt":"2023-05-24T14:36:47","guid":{"rendered":"https:\/\/www.bistrot-machet.fr\/contact-bistrot-machet\/"},"modified":"2024-01-23T10:58:34","modified_gmt":"2024-01-23T10:58:34","slug":"contact-bistrot-machet","status":"publish","type":"page","link":"https:\/\/www.bistrot-machet.fr\/en\/contact-bistrot-machet\/","title":{"rendered":"Contact Bistrot Machet"},"content":{"rendered":"\n<div class=\"wp-block-media-text alignfull has-media-on-the-right is-stacked-on-mobile\"><div class=\"wp-block-media-text__content\">\n<h2 class=\"wp-block-heading has-text-align-center\">CONTACT<\/h2>\n\n\n\n<p class=\"has-text-align-center\"><strong>LA TANIA SNOW FRONT<br>73120 COURCHEVEL<\/strong><\/p>\n\n\n\n<p class=\"has-text-align-center has-medium-font-size\"><a href=\"tel:330479072583\"><strong>(0)4 79 07 25 83<\/strong><\/a><\/p>\n\n\n\n<p><\/p>\n\n\n\n<p class=\"has-text-align-center\"><strong>Accessible by SKI<\/strong> from the <strong>BOUC BLANC<\/strong> <strong>slope<\/strong>:<\/p>\n\n\n\n<p class=\"has-text-align-center has-normal-font-size\"><a href=\"tel:330479072583\"><\/a>The &#8220;FOLYERES&#8221; blue run<\/p>\n\n\n\n<p class=\"has-text-align-center\">The &#8220;PLAN FONTAINE&#8221; green trail<\/p>\n\n\n\n<p><\/p>\n\n\n\n<p><\/p>\n<\/div><figure class=\"wp-block-media-text__media\"><img loading=\"lazy\" decoding=\"async\" width=\"815\" height=\"769\" src=\"https:\/\/www.bistrot-machet.fr\/wp-content\/uploads\/2023\/05\/TERRASSE-BISTRTO-MACHET-TANIA-COURCHEVEL-restaurant-altitude-savoie.jpg\" alt=\"\" class=\"wp-image-12148 size-full\" srcset=\"https:\/\/www.bistrot-machet.fr\/wp-content\/uploads\/2023\/05\/TERRASSE-BISTRTO-MACHET-TANIA-COURCHEVEL-restaurant-altitude-savoie.jpg 815w, https:\/\/www.bistrot-machet.fr\/wp-content\/uploads\/2023\/05\/TERRASSE-BISTRTO-MACHET-TANIA-COURCHEVEL-restaurant-altitude-savoie-450x425.jpg 450w, https:\/\/www.bistrot-machet.fr\/wp-content\/uploads\/2023\/05\/TERRASSE-BISTRTO-MACHET-TANIA-COURCHEVEL-restaurant-altitude-savoie-600x566.jpg 600w, https:\/\/www.bistrot-machet.fr\/wp-content\/uploads\/2023\/05\/TERRASSE-BISTRTO-MACHET-TANIA-COURCHEVEL-restaurant-altitude-savoie-300x283.jpg 300w, https:\/\/www.bistrot-machet.fr\/wp-content\/uploads\/2023\/05\/TERRASSE-BISTRTO-MACHET-TANIA-COURCHEVEL-restaurant-altitude-savoie-768x725.jpg 768w, https:\/\/www.bistrot-machet.fr\/wp-content\/uploads\/2023\/05\/TERRASSE-BISTRTO-MACHET-TANIA-COURCHEVEL-restaurant-altitude-savoie-800x755.jpg 800w, https:\/\/www.bistrot-machet.fr\/wp-content\/uploads\/2023\/05\/TERRASSE-BISTRTO-MACHET-TANIA-COURCHEVEL-restaurant-altitude-savoie-560x528.jpg 560w\" sizes=\"auto, (max-width: 815px) 100vw, 815px\" \/><\/figure><\/div>\n\n\n\n<div class=\"wp-block-media-text alignfull is-stacked-on-mobile\"><figure class=\"wp-block-media-text__media\"><img loading=\"lazy\" decoding=\"async\" width=\"736\" height=\"876\" src=\"https:\/\/www.bistrot-machet.fr\/wp-content\/uploads\/2023\/05\/TERRASSE-BISTRTO-MACHET-TANIA-COURCHEVEL-restaurant-altitude-pied-piste.jpg\" alt=\"\" class=\"wp-image-12113 size-full\" srcset=\"https:\/\/www.bistrot-machet.fr\/wp-content\/uploads\/2023\/05\/TERRASSE-BISTRTO-MACHET-TANIA-COURCHEVEL-restaurant-altitude-pied-piste.jpg 736w, https:\/\/www.bistrot-machet.fr\/wp-content\/uploads\/2023\/05\/TERRASSE-BISTRTO-MACHET-TANIA-COURCHEVEL-restaurant-altitude-pied-piste-450x536.jpg 450w, https:\/\/www.bistrot-machet.fr\/wp-content\/uploads\/2023\/05\/TERRASSE-BISTRTO-MACHET-TANIA-COURCHEVEL-restaurant-altitude-pied-piste-600x714.jpg 600w, https:\/\/www.bistrot-machet.fr\/wp-content\/uploads\/2023\/05\/TERRASSE-BISTRTO-MACHET-TANIA-COURCHEVEL-restaurant-altitude-pied-piste-252x300.jpg 252w, https:\/\/www.bistrot-machet.fr\/wp-content\/uploads\/2023\/05\/TERRASSE-BISTRTO-MACHET-TANIA-COURCHEVEL-restaurant-altitude-pied-piste-560x667.jpg 560w\" sizes=\"auto, (max-width: 736px) 100vw, 736px\" \/><\/figure><div class=\"wp-block-media-text__content\">\n<h2 class=\"wp-block-heading has-text-align-center\">Send us an email!<\/h2>\n\n\n\n<h3 class=\"wp-block-heading has-text-align-center\">Booking by phone only<\/h3>\n\n\n\n<p class=\"has-text-align-center\">To contact us, fill in the contact form below or call us on <a href=\"tel:330479072583\">+33 (0) 479 072 583<\/a><\/p>\n\n\n\n<div class=\"wpcf7 no-js\" id=\"wpcf7-f6-o1\" lang=\"fr-FR\" dir=\"ltr\" data-wpcf7-id=\"6\">\n<div class=\"screen-reader-response\"><p role=\"status\" aria-live=\"polite\" aria-atomic=\"true\"><\/p> <ul><\/ul><\/div>\n<form action=\"\/en\/wp-json\/wp\/v2\/pages\/12950#wpcf7-f6-o1\" method=\"post\" class=\"wpcf7-form init\" aria-label=\"Formulaire de contact\" novalidate=\"novalidate\" data-status=\"init\">\n<fieldset class=\"hidden-fields-container\"><input type=\"hidden\" name=\"_wpcf7\" value=\"6\" \/><input type=\"hidden\" name=\"_wpcf7_version\" value=\"6.1.4\" \/><input type=\"hidden\" name=\"_wpcf7_locale\" value=\"fr_FR\" \/><input type=\"hidden\" name=\"_wpcf7_unit_tag\" value=\"wpcf7-f6-o1\" \/><input type=\"hidden\" name=\"_wpcf7_container_post\" value=\"0\" \/><input type=\"hidden\" name=\"_wpcf7_posted_data_hash\" value=\"\" \/>\n<\/fieldset>\n<p><label> Votre nom*<br \/>\n<span class=\"wpcf7-form-control-wrap\" data-name=\"your-name\"><input size=\"40\" maxlength=\"400\" class=\"wpcf7-form-control wpcf7-text wpcf7-validates-as-required\" autocomplete=\"name\" aria-required=\"true\" aria-invalid=\"false\" value=\"\" type=\"text\" name=\"your-name\" \/><\/span> <\/label>\n<\/p>\n<p><label> Votre email*<br \/>\n<span class=\"wpcf7-form-control-wrap\" data-name=\"your-email\"><input size=\"40\" maxlength=\"400\" class=\"wpcf7-form-control wpcf7-email wpcf7-validates-as-required wpcf7-text wpcf7-validates-as-email\" autocomplete=\"email\" aria-required=\"true\" aria-invalid=\"false\" value=\"\" type=\"email\" name=\"your-email\" \/><\/span> <\/label>\n<\/p>\n<p><label> Sujet* :<br \/>\n<span class=\"wpcf7-form-control-wrap\" data-name=\"your-subject\"><input size=\"40\" maxlength=\"400\" class=\"wpcf7-form-control wpcf7-text wpcf7-validates-as-required\" aria-required=\"true\" aria-invalid=\"false\" value=\"\" type=\"text\" name=\"your-subject\" \/><\/span> <\/label>\n<\/p>\n<p><label> Votre message (optionnel)<br \/>\n<span class=\"wpcf7-form-control-wrap\" data-name=\"your-message\"><textarea cols=\"40\" rows=\"10\" maxlength=\"2000\" class=\"wpcf7-form-control wpcf7-textarea\" aria-invalid=\"false\" name=\"your-message\"><\/textarea><\/span> <\/label>\n<\/p>\n<div class=\"noborder\">\n\t<p><span class=\"wpcf7-form-control-wrap\" data-name=\"acceptance-895\"><span class=\"wpcf7-form-control wpcf7-acceptance\"><span class=\"wpcf7-list-item\"><input type=\"checkbox\" name=\"acceptance-895\" value=\"1\" aria-invalid=\"false\" \/><\/span><\/span><\/span> J'accepte explicitement l'utilisation de mon t\u00e9l\u00e9phone et ou de mon adresse mail \u00e0 l'usage exclusif du Bistrot Machet.<br \/>\n\u00abLes informations recueillies sur ce formulaire font l\u2019objet d\u2019un traitement li\u00e9 \u00e0 la gestion de votre demande. Elles sont conserv\u00e9es au maximum 3 ans et sont exclusivement destin\u00e9es au Bistrot Machet.<br \/>\nConform\u00e9ment \u00e0 la l\u00e9gislation \u00ab Informatique et Libert\u00e9s \u00bb, vous disposez sur vos donn\u00e9es des droit d\u2019acc\u00e8s, droit de rectification et droit d\u2019opposition. Pour exercer vos droits, merci de remplir le formulaire ci-dessus\u00bb.\n\t<\/p>\n<\/div>\n<p><input class=\"wpcf7-form-control wpcf7-submit has-spinner\" type=\"submit\" value=\"ENVOYER\" \/>\n<\/p><div class=\"wpcf7-response-output\" aria-hidden=\"true\"><\/div>\n<\/form>\n<\/div>\n\n<\/div><\/div>\n\n\n\n\t<section id=\"contentboxes-mb-block-de100702-4aeb-4b82-b402-1d2a35759b42\" class=\"section section-contentboxes  alignwide \">\n\n\t\t<div class=\"contentboxes-wrap none\"  >\n\t\t\t\t\t<div class=\"contentboxes-masonry \">\n\n\t\t\t\t<div class=\"grid-sizer-contentboxes\"><\/div>\n\n\t\t\t\t\n\t\t\t\t<div class=\"content-box- contentboxes-image-wrap bg-none quarter-width square mobile-three-quarter-height   content-dark no-vertical-text has-content cb-mobile-content-leave cb-mobile-content-vertical-leave    \"  data-aos=\"fade-up\" data-aos-delay=\"100\"   >\n\n\t\t\t\t\t<div class=\"contentboxes-image-wrap-inner\">\n\n\t\t\t\t\t\n\t\t\t\t\t\t<div class=\"contentboxes-zoom-wrap \">\n\t\t\t\t\t\t\n\t\t\t\t\t\t\n\t\t\t\t\t\t\n\t\t\t\t\t\t\t<div class=\"contentboxes-content-wrap centered-content contentboxes-content-center contentboxes-content-middle\"  >\n\n\t\t\t\t\t\t\t\t\t\t\t\t\t\t\t\t<div class=\"contentboxes-content section-content\">\n\t\t\t\t\t\t\t\t\t\t\t\t\t\t\t\t\t\t\t\t\t\t\t\t\t\t\t\t\t\t\t\t\t\t                \t<h6  class=\"contentboxes-content-item contentboxes-title\"  data-aos=\"slide-up\"  ><i class=\"pe-7s-date pe-3x\"><\/i>RESERVATIONS<\/h6>\n\t\t\t\t\t\t\t                \t\t\t\t\t\t\t                \t\t\t\t\t\t\t                \t\t\t\t\t\t\t                \t<div class=\"contentboxes-content-item contentboxes-text\"  data-aos=\"fade-right\" data-aos-delay=\"340\"  >Par t\u00e9l\u00e9phone 04 79 07 25 83<\/div>\n\t\t\t\t\t\t\t                \t\t\t\t\t\t\t                \t\t\t\t\t\t        \t<\/div>\n\t\t\t\t\t\t        \t\n\t\t\t\t\t\t\t\t\t\t\t\t\t\n\t\t\t\t\t\t<\/div>\n\t\t\t\t\t<\/div>\n\t\t\t\t\t<\/div>\n\n\t\t\t\t\t\t   \t \n\t\t\t\t<\/div>\n\t\t\t\t\t\n\t\t\t\n\t\t\t\t<div class=\"content-box- contentboxes-image-wrap bg-none quarter-width square mobile-three-quarter-height    no-vertical-text has-content cb-mobile-content-leave cb-mobile-content-vertical-leave    \"  data-aos=\"fade-up\" data-aos-delay=\"200\"   >\n\n\t\t\t\t\t<div class=\"contentboxes-image-wrap-inner\">\n\n\t\t\t\t\t\n\t\t\t\t\t\t<div class=\"contentboxes-zoom-wrap \">\n\t\t\t\t\t\t\n\t\t\t\t\t\t\n\t\t\t\t\t\t\n\t\t\t\t\t\t\t<div class=\"contentboxes-content-wrap centered-content contentboxes-content-center contentboxes-content-middle\"  >\n\n\t\t\t\t\t\t\t\t\t\t\t\t\t\t\t\t<div class=\"contentboxes-content section-content\">\n\t\t\t\t\t\t\t\t\t\t\t\t\t\t\t\t\t\t\t\t\t\t\t\t\t\t\t\t\t\t\t\t\t\t                \t<h6  class=\"contentboxes-content-item contentboxes-title\"  data-aos=\"slide-up\"  ><i class=\"pe-7s-car pe-3x\"><\/i>\r\nPARKINGS<\/h6>\n\t\t\t\t\t\t\t                \t\t\t\t\t\t\t                \t\t\t\t\t\t\t                \t\t\t\t\t\t\t                \t<div class=\"contentboxes-content-item contentboxes-text\"  data-aos=\"fade-right\" data-aos-delay=\"340\"  >\u00e0 La Tania Courchevel<\/div>\n\t\t\t\t\t\t\t                \t\t\t\t\t\t\t                \t\t\t\t\t\t        \t<\/div>\n\t\t\t\t\t\t        \t\n\t\t\t\t\t\t\t\t\t\t\t\t\t\n\t\t\t\t\t\t<\/div>\n\t\t\t\t\t<\/div>\n\t\t\t\t\t<\/div>\n\n\t\t\t\t\t\t   \t \n\t\t\t\t<\/div>\n\t\t\t\t\t\n\t\t\t\n\t\t\t\t<div class=\"content-box- contentboxes-image-wrap bg-none quarter-width square mobile-three-quarter-height    no-vertical-text has-content cb-mobile-content-leave cb-mobile-content-vertical-leave    \"  data-aos=\"fade-up\" data-aos-delay=\"300\"   >\n\n\t\t\t\t\t<div class=\"contentboxes-image-wrap-inner\">\n\n\t\t\t\t\t\n\t\t\t\t\t\t<div class=\"contentboxes-zoom-wrap \">\n\t\t\t\t\t\t\n\t\t\t\t\t\t\n\t\t\t\t\t\t\n\t\t\t\t\t\t\t<div class=\"contentboxes-content-wrap centered-content contentboxes-content-center contentboxes-content-middle\"  >\n\n\t\t\t\t\t\t\t\t\t\t\t\t\t\t\t\t<div class=\"contentboxes-content section-content\">\n\t\t\t\t\t\t\t\t\t\t\t\t\t\t\t\t\t\t\t\t\t\t\t\t\t\t\t\t\t\t\t\t\t\t                \t<h6  class=\"contentboxes-content-item contentboxes-title\"  data-aos=\"slide-up\"  ><i class=\"pe-7s-users pe-3x\"><\/i>\r\nACCESSIBLE EN SKI<\/h6>\n\t\t\t\t\t\t\t                \t\t\t\t\t\t\t                \t\t\t\t\t\t\t                \t\t\t\t\t\t\t                \t<div class=\"contentboxes-content-item contentboxes-text\"  data-aos=\"fade-right\" data-aos-delay=\"340\"  >Par les pistes<\/div>\n\t\t\t\t\t\t\t                \t\t\t\t\t\t\t                \t\t\t\t\t\t        \t<\/div>\n\t\t\t\t\t\t        \t\n\t\t\t\t\t\t\t\t\t\t\t\t\t\n\t\t\t\t\t\t<\/div>\n\t\t\t\t\t<\/div>\n\t\t\t\t\t<\/div>\n\n\t\t\t\t\t\t   \t \n\t\t\t\t<\/div>\n\t\t\t\t\t\n\t\t\t\n\t\t\t\t<div class=\"content-box- contentboxes-image-wrap bg-none quarter-width square mobile-three-quarter-height   content-dark no-vertical-text has-content cb-mobile-content-leave cb-mobile-content-vertical-leave    \"  data-aos=\"fade-up\" data-aos-delay=\"400\"   >\n\n\t\t\t\t\t<div class=\"contentboxes-image-wrap-inner\">\n\n\t\t\t\t\t\n\t\t\t\t\t\t<div class=\"contentboxes-zoom-wrap \">\n\t\t\t\t\t\t\n\t\t\t\t\t\t\n\t\t\t\t\t\t\n\t\t\t\t\t\t\t<div class=\"contentboxes-content-wrap centered-content contentboxes-content-center contentboxes-content-middle\"  >\n\n\t\t\t\t\t\t\t\t\t\t\t\t\t\t\t\t<div class=\"contentboxes-content section-content\">\n\t\t\t\t\t\t\t\t\t\t\t\t\t\t\t\t\t\t\t\t\t\t\t\t\t\t\t\t\t\t\t\t\t\t                \t<h6  class=\"contentboxes-content-item contentboxes-title\"  data-aos=\"slide-up\"  ><i class=\"pe-7s-leaf pe-3x\">\r\n<\/i>  PLATS VEGETARIENS<\/h6>\n\t\t\t\t\t\t\t                \t\t\t\t\t\t\t                \t\t\t\t\t\t\t                \t\t\t\t\t\t\t                \t<div class=\"contentboxes-content-item contentboxes-text\"  data-aos=\"fade-right\" data-aos-delay=\"340\"  >Sur demande<\/div>\n\t\t\t\t\t\t\t                \t\t\t\t\t\t\t                \t\t\t\t\t\t        \t<\/div>\n\t\t\t\t\t\t        \t\n\t\t\t\t\t\t\t\t\t\t\t\t\t\n\t\t\t\t\t\t<\/div>\n\t\t\t\t\t<\/div>\n\t\t\t\t\t<\/div>\n\n\t\t\t\t\t\t   \t \n\t\t\t\t<\/div>\n\t\t\t\t\t\n\t\t\t\t\t\t<\/div>\n\t\t\t\t<\/div>\n\n\t<\/section> \n\n","protected":false},"excerpt":{"rendered":"CONTACT LA TANIA SNOW FRONT73120 COURCHEVEL (0)4 79 07 25 83 Accessible by SKI from the BOUC BLANC slope: The \"FOLYERES\" blue run The","protected":false},"author":1,"featured_media":12935,"parent":0,"menu_order":19,"comment_status":"closed","ping_status":"closed","template":"","meta":{"footnotes":""},"class_list":["post-12950","page","type-page","status-publish","has-post-thumbnail","hentry"],"_links":{"self":[{"href":"https:\/\/www.bistrot-machet.fr\/en\/wp-json\/wp\/v2\/pages\/12950","targetHints":{"allow":["GET"]}}],"collection":[{"href":"https:\/\/www.bistrot-machet.fr\/en\/wp-json\/wp\/v2\/pages"}],"about":[{"href":"https:\/\/www.bistrot-machet.fr\/en\/wp-json\/wp\/v2\/types\/page"}],"author":[{"embeddable":true,"href":"https:\/\/www.bistrot-machet.fr\/en\/wp-json\/wp\/v2\/users\/1"}],"replies":[{"embeddable":true,"href":"https:\/\/www.bistrot-machet.fr\/en\/wp-json\/wp\/v2\/comments?post=12950"}],"version-history":[{"count":3,"href":"https:\/\/www.bistrot-machet.fr\/en\/wp-json\/wp\/v2\/pages\/12950\/revisions"}],"predecessor-version":[{"id":13073,"href":"https:\/\/www.bistrot-machet.fr\/en\/wp-json\/wp\/v2\/pages\/12950\/revisions\/13073"}],"wp:featuredmedia":[{"embeddable":true,"href":"https:\/\/www.bistrot-machet.fr\/en\/wp-json\/wp\/v2\/media\/12935"}],"wp:attachment":[{"href":"https:\/\/www.bistrot-machet.fr\/en\/wp-json\/wp\/v2\/media?parent=12950"}],"curies":[{"name":"wp","href":"https:\/\/api.w.org\/{rel}","templated":true}]}}