{"id":12985,"date":"2023-06-08T10:14:07","date_gmt":"2023-06-08T10:14:07","guid":{"rendered":"https:\/\/www.bistrot-machet.fr\/a-restaurant-at-the-foot-of-the-slopes-at-la-tania-courchevel\/"},"modified":"2023-11-24T09:48:18","modified_gmt":"2023-11-24T09:48:18","slug":"a-restaurant-at-the-foot-of-the-slopes-at-la-tania-courchevel","status":"publish","type":"page","link":"https:\/\/www.bistrot-machet.fr\/en\/a-restaurant-at-the-foot-of-the-slopes-at-la-tania-courchevel\/","title":{"rendered":"A restaurant at the foot of the slopes at La Tania &#8211; Courchevel"},"content":{"rendered":"\n<div style=\"height:100px\" aria-hidden=\"true\" class=\"wp-block-spacer\"><\/div>\n\n<p>At Bistrot Machet, we invite you to <strong>enjoy a unique culinary experience right on the slopes of Courchevel.<\/strong>. Nestling on La Tania&#8217;s snow front, our mountain restaurant welcomes you in a warm and friendly atmosphere, far from the hustle and bustle of the big resorts. Come and discover our culinary vision based on quality and simplicity.<\/p>\n\n<h2 class=\"wp-block-heading\">Tasty cuisine to enjoy between two descents<\/h2>\n\n<p>Our menu features exclusively <strong>home-cooked dishes<\/strong>,prepared with care using fresh produce from small local producers. Savour Savoyard specialities revisited by our chef Julien Anxionnaz and seasonal dishes that will delight your taste buds. Whether you&#8217;re looking for a <strong>pourmet break<\/strong> or a <strong>full meal<\/strong>, our traditional cuisine is sure to meet your expectations.<\/p>\n\n<div style=\"height:30px\" aria-hidden=\"true\" class=\"wp-block-spacer\"><\/div>\n\n<div class=\"wp-block-buttons is-content-justification-center is-layout-flex wp-container-core-buttons-is-layout-16018d1d wp-block-buttons-is-layout-flex\">\n<div class=\"wp-block-button is-style-outline is-style-outline--1\"><a class=\"wp-block-button__link has-text-align-center wp-element-button\" href=\"tel:+33 (0) 479 072 583\">Book<\/a><\/div>\n<\/div>\n\n<div style=\"height:30px\" aria-hidden=\"true\" class=\"wp-block-spacer\"><\/div>\n\n\t<section id=\"contentboxes-mb-block-c399e901-2cbc-4baf-9346-403c0691ede1\" class=\"section section-contentboxes  \">\n\n\t\t<div class=\"contentboxes-wrap none\"  style=\"background-color:rgba(0,0,0,1)\"  >\n\t\t\t\t\t<div class=\"contentboxes-masonry \">\n\n\t\t\t\t<div class=\"grid-sizer-contentboxes\"><\/div>\n\n\t\t\t\t\n\t\t\t\t<div class=\"content-box- contentboxes-image-wrap bg-color half-width square mobile-uncropped   content-dark no-vertical-text has-content cb-mobile-content-leave cb-mobile-content-vertical-leave    \"  data-aos=\"fade-up\" data-aos-delay=\"100\"   >\n\n\t\t\t\t\t<div class=\"contentboxes-image-wrap-inner\">\n\n\t\t\t\t\t\n\t\t\t\t\t\t<div class=\"contentboxes-zoom-wrap \">\n\t\t\t\t\t\t\n\t\t\t\t\t\t\n\t\t\t\t\t\t\n\t\t\t\t\t\t\t<div class=\"contentboxes-content-wrap centered-content contentboxes-content-left contentboxes-content-middle\"  style=\"background-color: rgba(0,0,0)\"  >\n\n\t\t\t\t\t\t\t\t\t\t\t\t\t\t\t\t<div class=\"contentboxes-content section-content\">\n\t\t\t\t\t\t\t\t\t\t\t\t\t\t\t\t\t\t\t\t\t\t\t\t\t\t\t\t<div class=\"contentboxes-content-item contentboxes-subtitle subtitle-above use-body-font\"  data-aos=\"fade-down\" data-aos-delay=\"100\"  >Un acc\u00e8s facile depuis les pistes de ski<\/div>\n\t\t\t\t\t\t\t\t\t\t\t\t\t\t\t\t\t\t\t\t\t\t\t\t\t                \t\t\t\t\t\t\t                \t\t\t\t\t\t\t                \t<div class=\"contentboxes-content-item contentboxes-text\"  data-aos=\"fade-up\" data-aos-delay=\"340\"  >Apr\u00e8s une journ\u00e9e d&#8217;effort sur les pistes de Courchevel, rejoignez facilement le Bistrot Machet pour une pause bien m\u00e9rit\u00e9e. \r\n<br><br>\r\nEn suivant les pistes depuis Le &#8220;Bouc Blanc&#8221;, empruntez soit :<br>\r\n&#8211; la piste bleue &#8220;Foly\u00e8res&#8221; ou <br>\r\n&#8211; la piste verte &#8220;Plan Fontaine&#8221; qui vous m\u00e8neront directement \u00e0 notre restaurant. \r\n<br><br>\r\nProfitez de notre emplacement id\u00e9al au c\u0153ur de la station de ski de Courchevel pour reprendre des forces et partager un moment convivial entre amis ou en famille.<\/div>\n\t\t\t\t\t\t\t                \t\t\t\t\t\t\t                \t\t\t\t\t\t\t                \t<div class=\"contentboxes-content-item contentboxes-button-wrap\">\n\t\t\t\t\t\t\t\t\t\t\t<a href=\"https:\/\/www.bistrot-machet.fr\/\" class=\"contentboxes-button button button-outline  content-dark\"  data-aos=\"fade-up\" data-aos-delay=\"380\"  >\n\t\t\t\t\t\t\t\t\t\t\tVOIR LA CARTE \t\t\t\t\t\t\t\t\t\t\t<\/a>\n\t\t\t\t\t\t\t\t\t\t<\/div>\n\t\t\t\t\t\t\t                \t\t\t\t\t\t        \t<\/div>\n\t\t\t\t\t\t        \t\n\t\t\t\t\t\t\t\t\t\t\t\t\t\n\t\t\t\t\t\t<\/div>\n\t\t\t\t\t<\/div>\n\t\t\t\t\t<\/div>\n\n\t\t\t\t\t\t   \t \n\t\t\t\t<\/div>\n\t\t\t\t\t\n\t\t\t\n\t\t\t\t<div class=\"content-box-12437 contentboxes-image-wrap bg-image half-width square mobile-uncropped    no-vertical-text no-content cb-mobile-content-leave cb-mobile-content-vertical-leave    \"  data-aos=\"fade-up\" data-aos-delay=\"200\"   >\n\n\t\t\t\t\t<div class=\"contentboxes-image-wrap-inner\">\n\n\t\t\t\t\t\n\t\t\t\t\t\t<div class=\"contentboxes-zoom-wrap \">\n\t\t\t\t\t\t\n\t\t\t\t\t\t\t\t\t\t\t\t\t<div class=\"contentboxbgimage\" style=\"background-image: url(https:\/\/www.bistrot-machet.fr\/wp-content\/uploads\/2023\/07\/restaurant-altitude-la-tania-courchevel-bistrot-machet.jpg);\"><\/div> \n\t\t\t\t\t\t\t\t\t\t\t\t<div class=\"contentbox-overlay   gradient-contentboxes-content-middle\" >\n\t\t\t\t\t\t\n\t\t\t\t\t\t\t<div class=\"contentboxes-content-wrap centered-content  contentboxes-content-middle\"  >\n\n\t\t\t\t\t\t\t\t\n\t\t\t\t\t\t\t\t\t\t\t\t\t\t<\/div>\n\t\t\t\t\t\t\t\t\t\t\t\t\t\n\t\t\t\t\t\t<\/div>\n\t\t\t\t\t<\/div>\n\t\t\t\t\t<\/div>\n\n\t\t\t\t\t\t   \t \n\t\t\t\t<\/div>\n\t\t\t\t\t\n\t\t\t\t\t\t<\/div>\n\t\t\t\t<\/div>\n\n\t<\/section> \n\n\n<div style=\"height:100px\" aria-hidden=\"true\" class=\"wp-block-spacer\"><\/div>\n\n<h2 class=\"wp-block-heading\">A panoramic view from our terrace!<\/h2>\n\n<p>Our south-facing terrace offers a<strong>anoramic view of the summit of Grand Bec.<\/strong> Let yourself be seduced by the unique atmosphere of Courchevel, <strong>the world&#8217;s largest ski area<\/strong> while you enjoy your meal. Enjoy an invigorating sunbath or an alfresco lunch, and admire the scenery and mountains around you.<\/p>\n\n<p>Come and enjoy a moment of relaxation and conviviality in our restaurant, where we cut, peel and go to the market, and <strong>where we share tasty cuisine.<\/strong>.<\/p>\n\n<div style=\"height:100px\" aria-hidden=\"true\" class=\"wp-block-spacer\"><\/div>\n\n\t<section id=\"contentboxes-mb-block-28d6abda-508c-439b-a57d-74b8bf675246\" class=\"section section-contentboxes  alignwide \">\n\n\t\t<div class=\"contentboxes-wrap none\"  style=\"background-color:rgba(0,0,0,1)\"  >\n\t\t\t\t\t<div class=\"contentboxes-masonry \">\n\n\t\t\t\t<div class=\"grid-sizer-contentboxes\"><\/div>\n\n\t\t\t\t\n\t\t\t\t<div class=\"content-box-12368 contentboxes-image-wrap bg-image half-width square mobile-uncropped   content-dark no-vertical-text no-content cb-mobile-content-leave cb-mobile-content-vertical-leave    \"  data-aos=\"fade-up\" data-aos-delay=\"100\"   >\n\n\t\t\t\t\t<div class=\"contentboxes-image-wrap-inner\">\n\n\t\t\t\t\t\n\t\t\t\t\t\t<div class=\"contentboxes-zoom-wrap \">\n\t\t\t\t\t\t\n\t\t\t\t\t\t\t\t\t\t\t\t\t<div class=\"contentboxbgimage\" style=\"background-image: url(https:\/\/www.bistrot-machet.fr\/wp-content\/uploads\/2023\/07\/plat-saumon-gravelax-restaurant-altitude-courchevel-bistrot-machet-la-tania.webp);\"><\/div> \n\t\t\t\t\t\t\t\t\t\t\t\t<div class=\"contentbox-overlay   gradient-contentboxes-content-middle\" >\n\t\t\t\t\t\t\n\t\t\t\t\t\t\t<div class=\"contentboxes-content-wrap centered-content contentboxes-content-left contentboxes-content-middle\"  >\n\n\t\t\t\t\t\t\t\t\n\t\t\t\t\t\t\t\t\t\t\t\t\t\t<\/div>\n\t\t\t\t\t\t\t\t\t\t\t\t\t\n\t\t\t\t\t\t<\/div>\n\t\t\t\t\t<\/div>\n\t\t\t\t\t<\/div>\n\n\t\t\t\t\t\t   \t \n\t\t\t\t<\/div>\n\t\t\t\t\t\n\t\t\t\n\t\t\t\t<div class=\"content-box- contentboxes-image-wrap bg-color half-width square mobile-uncropped    no-vertical-text has-content cb-mobile-content-leave cb-mobile-content-vertical-leave    \"  data-aos=\"fade-up\" data-aos-delay=\"200\"   >\n\n\t\t\t\t\t<div class=\"contentboxes-image-wrap-inner\">\n\n\t\t\t\t\t\n\t\t\t\t\t\t<div class=\"contentboxes-zoom-wrap \">\n\t\t\t\t\t\t\n\t\t\t\t\t\t\n\t\t\t\t\t\t\n\t\t\t\t\t\t\t<div class=\"contentboxes-content-wrap centered-content  contentboxes-content-middle\"  style=\"background-color: #0a0a0a\"  >\n\n\t\t\t\t\t\t\t\t\t\t\t\t\t\t\t\t<div class=\"contentboxes-content section-content\">\n\t\t\t\t\t\t\t\t\t\t\t\t\t\t\t\t\t\t\t\t\t\t\t\t\t\t\t\t\t\t\t\t\t\t                \t<h2  class=\"contentboxes-content-item contentboxes-title\"  data-aos=\"slide-up\"  >Contactez-nous pour r\u00e9server votre table<\/h2>\n\t\t\t\t\t\t\t                \t\t\t\t\t\t\t                \t\t\t\t\t\t\t                \t\t\t\t\t\t\t                \t<div class=\"contentboxes-content-item contentboxes-text\"  data-aos=\"fade-right\" data-aos-delay=\"340\"  >Pour r\u00e9server votre table ou obtenir plus d&#8217;informations, n&#8217;h\u00e9sitez pas \u00e0 nous contacter au +33 (0) 479 072 583. Nous serons ravis de vous accueillir et de partager avec vous notre passion pour la cuisine. Venez vivre une exp\u00e9rience culinaire inoubliable au Bistrot Machet, o\u00f9 l&#8217;authenticit\u00e9 et la convivialit\u00e9 sont nos ma\u00eetres mots. \r\n<br><br>\r\nNotre \u00e9quipe est l\u00e0 pour vous accueillir avec le sourire, vous conseiller sur nos plats et vous offrir un service attentionn\u00e9. Profitez de notre terrasse ensoleill\u00e9e, de notre salle int\u00e9rieure ou de notre v\u00e9randa pour vous d\u00e9tendre et savourer une cuisine de qualit\u00e9, pr\u00e9par\u00e9e avec amour par notre chef Julien Anxionnaz.\r\n<br><br>\r\nAu Bistrot Machet, nous croyons en une cuisine honn\u00eate et savoureuse, mettant en valeur les produits locaux et le savoir-faire des petits producteurs de la r\u00e9gion. <\/div>\n\t\t\t\t\t\t\t                \t\t\t\t\t\t\t                \t\t\t\t\t\t\t                \t<div class=\"contentboxes-content-item contentboxes-button-wrap\">\n\t\t\t\t\t\t\t\t\t\t\t<a href=\"https:\/\/www.bistrot-machet.fr\/reserver-table\/\" class=\"contentboxes-button button button-outline  \"  data-aos=\"fade-up\" data-aos-delay=\"380\"  >\n\t\t\t\t\t\t\t\t\t\t\tRESERVER VOTRE TABLE\t\t\t\t\t\t\t\t\t\t\t<\/a>\n\t\t\t\t\t\t\t\t\t\t<\/div>\n\t\t\t\t\t\t\t                \t\t\t\t\t\t        \t<\/div>\n\t\t\t\t\t\t        \t\n\t\t\t\t\t\t\t\t\t\t\t\t\t\n\t\t\t\t\t\t<\/div>\n\t\t\t\t\t<\/div>\n\t\t\t\t\t<\/div>\n\n\t\t\t\t\t\t   \t \n\t\t\t\t<\/div>\n\t\t\t\t\t\n\t\t\t\t\t\t<\/div>\n\t\t\t\t<\/div>\n\n\t<\/section> \n\n\n<div style=\"height:100px\" aria-hidden=\"true\" class=\"wp-block-spacer\"><\/div>\n\n<p>We work passionately to offer you <strong>an authentic culinary experience<\/strong>, where every mouthful is a journey of flavours.<\/p>\n\n<p>Whether you&#8217;re looking for<strong>a gourmet break between two descents<\/strong>, unch with the family or dinner with friends, the Bistrot Machet is the ideal place to treat yourself. Come and join us, and let yourself be seduced by our warm and relaxed atmosphere, where laughter and lively <strong>conversation mingle with the delights of the table<\/strong>.<\/p>\n\n<p>Book your table at Bistrot Machet now and get ready for a unique culinary experience right <strong>on the slopes of Courchevel les 3 vall\u00e9es.<\/strong>. We look forward to welcoming you and sharing our passion for good food and conviviality.<\/p>\n\n<div style=\"height:50px\" aria-hidden=\"true\" class=\"wp-block-spacer\"><\/div>\n\n\t<section id=\"contentboxes-mb-block-c2fb3a27-cf17-4ee2-8766-a0f122ad30e0\" class=\"section section-contentboxes  \">\n\n\t\t<div class=\"contentboxes-wrap none\"  >\n\t\t\t\t\t<div class=\"contentboxes-masonry \">\n\n\t\t\t\t<div class=\"grid-sizer-contentboxes\"><\/div>\n\n\t\t\t\t\n\t\t\t\t<div class=\"content-box- contentboxes-image-wrap bg-image quarter-width square mobile-three-quarter-height   content-dark no-vertical-text has-content cb-mobile-content-leave cb-mobile-content-vertical-leave    \"  data-aos=\"fade-up\" data-aos-delay=\"100\"   >\n\n\t\t\t\t\t<div class=\"contentboxes-image-wrap-inner\">\n\n\t\t\t\t\t\n\t\t\t\t\t\t<div class=\"contentboxes-zoom-wrap \">\n\t\t\t\t\t\t\n\t\t\t\t\t\t\n\t\t\t\t\t\t\t\t\t\t\t\t<div class=\"contentbox-overlay   gradient-contentboxes-content-middle\" >\n\t\t\t\t\t\t\n\t\t\t\t\t\t\t<div class=\"contentboxes-content-wrap centered-content contentboxes-content-center contentboxes-content-middle\"  >\n\n\t\t\t\t\t\t\t\t\t\t\t\t\t\t\t\t<div class=\"contentboxes-content section-content\">\n\t\t\t\t\t\t\t\t\t\t\t\t\t\t\t\t\t\t\t\t\t\t\t\t\t\t\t\t\t\t\t\t\t\t                \t<h6  class=\"contentboxes-content-item contentboxes-title\"  data-aos=\"slide-up\"  ><i class=\"pe-7s-date pe-3x\"><\/i>RESERVATIONS<\/h6>\n\t\t\t\t\t\t\t                \t\t\t\t\t\t\t                \t\t\t\t\t\t\t                \t\t\t\t\t\t\t                \t<div class=\"contentboxes-content-item contentboxes-text\"  data-aos=\"fade-right\" data-aos-delay=\"340\"  >Par t\u00e9l\u00e9phone 04 79 07 25 83<\/div>\n\t\t\t\t\t\t\t                \t\t\t\t\t\t\t                \t\t\t\t\t\t        \t<\/div>\n\t\t\t\t\t\t        \t\n\t\t\t\t\t\t\t\t\t\t\t\t\t\t<\/div>\n\t\t\t\t\t\t\t\t\t\t\t\t\t\n\t\t\t\t\t\t<\/div>\n\t\t\t\t\t<\/div>\n\t\t\t\t\t<\/div>\n\n\t\t\t\t\t\t   \t \n\t\t\t\t<\/div>\n\t\t\t\t\t\n\t\t\t\n\t\t\t\t<div class=\"content-box- contentboxes-image-wrap bg-none quarter-width square mobile-three-quarter-height   content-dark no-vertical-text has-content cb-mobile-content-leave cb-mobile-content-vertical-leave    \"  data-aos=\"fade-up\" data-aos-delay=\"200\"   >\n\n\t\t\t\t\t<div class=\"contentboxes-image-wrap-inner\">\n\n\t\t\t\t\t\n\t\t\t\t\t\t<div class=\"contentboxes-zoom-wrap \">\n\t\t\t\t\t\t\n\t\t\t\t\t\t\n\t\t\t\t\t\t\n\t\t\t\t\t\t\t<div class=\"contentboxes-content-wrap centered-content contentboxes-content-center contentboxes-content-middle\"  >\n\n\t\t\t\t\t\t\t\t\t\t\t\t\t\t\t\t<div class=\"contentboxes-content section-content\">\n\t\t\t\t\t\t\t\t\t\t\t\t\t\t\t\t\t\t\t\t\t\t\t\t\t\t\t\t\t\t\t\t\t\t                \t<h6  class=\"contentboxes-content-item contentboxes-title\"  data-aos=\"slide-up\"  ><i class=\"pe-7s-car pe-3x\"><\/i>\r\nPARKINGS<\/h6>\n\t\t\t\t\t\t\t                \t\t\t\t\t\t\t                \t\t\t\t\t\t\t                \t\t\t\t\t\t\t                \t<div class=\"contentboxes-content-item contentboxes-text\"  data-aos=\"fade-right\" data-aos-delay=\"340\"  >\u00e0 La Tania Courchevel<\/div>\n\t\t\t\t\t\t\t                \t\t\t\t\t\t\t                \t\t\t\t\t\t        \t<\/div>\n\t\t\t\t\t\t        \t\n\t\t\t\t\t\t\t\t\t\t\t\t\t\n\t\t\t\t\t\t<\/div>\n\t\t\t\t\t<\/div>\n\t\t\t\t\t<\/div>\n\n\t\t\t\t\t\t   \t \n\t\t\t\t<\/div>\n\t\t\t\t\t\n\t\t\t\n\t\t\t\t<div class=\"content-box- contentboxes-image-wrap bg-none quarter-width square mobile-three-quarter-height    no-vertical-text has-content cb-mobile-content-leave cb-mobile-content-vertical-leave    \"  data-aos=\"fade-up\" data-aos-delay=\"300\"   >\n\n\t\t\t\t\t<div class=\"contentboxes-image-wrap-inner\">\n\n\t\t\t\t\t\n\t\t\t\t\t\t<div class=\"contentboxes-zoom-wrap \">\n\t\t\t\t\t\t\n\t\t\t\t\t\t\n\t\t\t\t\t\t\n\t\t\t\t\t\t\t<div class=\"contentboxes-content-wrap centered-content contentboxes-content-center contentboxes-content-middle\"  >\n\n\t\t\t\t\t\t\t\t\t\t\t\t\t\t\t\t<div class=\"contentboxes-content section-content\">\n\t\t\t\t\t\t\t\t\t\t\t\t\t\t\t\t\t\t\t\t\t\t\t\t\t\t\t\t\t\t\t\t\t\t                \t<h6  class=\"contentboxes-content-item contentboxes-title\"  data-aos=\"slide-up\"  ><i class=\"pe-7s-users pe-3x\"><\/i>\r\nACCESSIBLE EN SKI<\/h6>\n\t\t\t\t\t\t\t                \t\t\t\t\t\t\t                \t\t\t\t\t\t\t                \t\t\t\t\t\t\t                \t<div class=\"contentboxes-content-item contentboxes-text\"  data-aos=\"fade-right\" data-aos-delay=\"340\"  >Par les pistes<\/div>\n\t\t\t\t\t\t\t                \t\t\t\t\t\t\t                \t\t\t\t\t\t        \t<\/div>\n\t\t\t\t\t\t        \t\n\t\t\t\t\t\t\t\t\t\t\t\t\t\n\t\t\t\t\t\t<\/div>\n\t\t\t\t\t<\/div>\n\t\t\t\t\t<\/div>\n\n\t\t\t\t\t\t   \t \n\t\t\t\t<\/div>\n\t\t\t\t\t\n\t\t\t\n\t\t\t\t<div class=\"content-box- contentboxes-image-wrap bg-none quarter-width square mobile-three-quarter-height    no-vertical-text has-content cb-mobile-content-leave cb-mobile-content-vertical-leave    \"  data-aos=\"fade-up\" data-aos-delay=\"400\"   >\n\n\t\t\t\t\t<div class=\"contentboxes-image-wrap-inner\">\n\n\t\t\t\t\t\n\t\t\t\t\t\t<div class=\"contentboxes-zoom-wrap \">\n\t\t\t\t\t\t\n\t\t\t\t\t\t\n\t\t\t\t\t\t\n\t\t\t\t\t\t\t<div class=\"contentboxes-content-wrap centered-content contentboxes-content-center contentboxes-content-middle\"  >\n\n\t\t\t\t\t\t\t\t\t\t\t\t\t\t\t\t<div class=\"contentboxes-content section-content\">\n\t\t\t\t\t\t\t\t\t\t\t\t\t\t\t\t\t\t\t\t\t\t\t\t\t\t\t\t\t\t\t\t\t\t                \t<h6  class=\"contentboxes-content-item contentboxes-title\"  data-aos=\"slide-up\"  ><i class=\"pe-7s-leaf pe-3x\">\r\n<\/i>  PLATS VEGETARIENS<\/h6>\n\t\t\t\t\t\t\t                \t\t\t\t\t\t\t                \t\t\t\t\t\t\t                \t\t\t\t\t\t\t                \t<div class=\"contentboxes-content-item contentboxes-text\"  data-aos=\"fade-right\" data-aos-delay=\"340\"  >Sur demande<\/div>\n\t\t\t\t\t\t\t                \t\t\t\t\t\t\t                \t\t\t\t\t\t        \t<\/div>\n\t\t\t\t\t\t        \t\n\t\t\t\t\t\t\t\t\t\t\t\t\t\n\t\t\t\t\t\t<\/div>\n\t\t\t\t\t<\/div>\n\t\t\t\t\t<\/div>\n\n\t\t\t\t\t\t   \t \n\t\t\t\t<\/div>\n\t\t\t\t\t\n\t\t\t\t\t\t<\/div>\n\t\t\t\t<\/div>\n\n\t<\/section> \n\n","protected":false},"excerpt":{"rendered":"At Bistrot Machet, we invite you to enjoy a unique culinary experience right on the slopes of Courchevel.. Nestling on La Tania's snow front,","protected":false},"author":1,"featured_media":12936,"parent":0,"menu_order":0,"comment_status":"closed","ping_status":"closed","template":"","meta":{"footnotes":""},"class_list":["post-12985","page","type-page","status-publish","has-post-thumbnail","hentry"],"_links":{"self":[{"href":"https:\/\/www.bistrot-machet.fr\/en\/wp-json\/wp\/v2\/pages\/12985","targetHints":{"allow":["GET"]}}],"collection":[{"href":"https:\/\/www.bistrot-machet.fr\/en\/wp-json\/wp\/v2\/pages"}],"about":[{"href":"https:\/\/www.bistrot-machet.fr\/en\/wp-json\/wp\/v2\/types\/page"}],"author":[{"embeddable":true,"href":"https:\/\/www.bistrot-machet.fr\/en\/wp-json\/wp\/v2\/users\/1"}],"replies":[{"embeddable":true,"href":"https:\/\/www.bistrot-machet.fr\/en\/wp-json\/wp\/v2\/comments?post=12985"}],"version-history":[{"count":1,"href":"https:\/\/www.bistrot-machet.fr\/en\/wp-json\/wp\/v2\/pages\/12985\/revisions"}],"predecessor-version":[{"id":12987,"href":"https:\/\/www.bistrot-machet.fr\/en\/wp-json\/wp\/v2\/pages\/12985\/revisions\/12987"}],"wp:featuredmedia":[{"embeddable":true,"href":"https:\/\/www.bistrot-machet.fr\/en\/wp-json\/wp\/v2\/media\/12936"}],"wp:attachment":[{"href":"https:\/\/www.bistrot-machet.fr\/en\/wp-json\/wp\/v2\/media?parent=12985"}],"curies":[{"name":"wp","href":"https:\/\/api.w.org\/{rel}","templated":true}]}}